{"id":833,"date":"2022-02-18T15:29:56","date_gmt":"2022-02-18T14:29:56","guid":{"rendered":"https:\/\/www.lehengo-hazparne.com\/la-boda-vasca-en-trajes-1900\/"},"modified":"2022-02-18T15:29:57","modified_gmt":"2022-02-18T14:29:57","slug":"la-boda-vasca-en-trajes-1900","status":"publish","type":"page","link":"https:\/\/www.lehengo-hazparne.com\/es\/la-boda-vasca-en-trajes-1900\/","title":{"rendered":"La Boda Vasca en Trajes 1900"},"content":{"rendered":"\n<p>A partir de las 17h desfilar\u00e1n por las calles del centro de la ciudad los futuros casados acompa\u00f1ados por jinetes, danzantes y m\u00fasicos. Esta suntuosa comitiva en trajes 1900 deambulara primero hasta el ayuntamiento donde se celebra el matrimonio civil, despu\u00e9s hasta la iglesia para el acto religioso que empezara a las 18h seg\u00fan las tradiciones m\u00e1s t\u00edpicas de la provincia del Labourd. <\/p>\n\n<div class=\"wp-block-group alignfull has-cyan-bluish-gray-background-color has-background is-layout-flow wp-block-group-is-layout-flow\">\n<div class=\"wp-block-columns are-vertically-aligned-center is-layout-flex wp-container-core-columns-is-layout-28f84493 wp-block-columns-is-layout-flex\">\n<div class=\"wp-block-column is-vertically-aligned-center is-layout-flow wp-block-column-is-layout-flow\">\n<figure class=\"wp-block-embed is-type-video is-provider-youtube wp-block-embed-youtube wp-embed-aspect-16-9 wp-has-aspect-ratio\"><div class=\"wp-block-embed__wrapper\">\n<iframe loading=\"lazy\" title=\"La Noce Basque 1900\" width=\"950\" height=\"534\" src=\"https:\/\/www.youtube.com\/embed\/umOkplxGo6I?feature=oembed\" frameborder=\"0\" allow=\"accelerometer; autoplay; clipboard-write; encrypted-media; gyroscope; picture-in-picture\" allowfullscreen><\/iframe>\n<\/div><\/figure>\n<\/div>\n\n\n\n<div class=\"wp-block-column is-vertically-aligned-center is-layout-flow wp-block-column-is-layout-flow\">\n<p>Encabezada por<a href=\"https:\/\/www.lehengo-hazparne.com\/es\/pequeno-lexico\/#besta-berri\" data-type=\"page\">Besta Berri<\/a> (*), la comitiva entrara en la iglesia, para presenciar esta celebraci\u00f3n que ser\u00e1 el acontecimiento m\u00e1s relevante del d\u00eda.de la journ\u00e9e. <\/p>\n\n\n\n<p>Los cantos vascos, aut\u00e9nticos y espont\u00e1neos llenaran la iglesia y conmover\u00e1n a todos los participantes. M\u00e1s que un espect\u00e1culo es una comuni\u00f3n con tradiciones intacto del terru\u00f1o. Inevitable e inolvidable<\/p>\n<\/div>\n<\/div>\n<\/div>\n\n<div style=\"height:30px\" aria-hidden=\"true\" class=\"wp-block-spacer\"><\/div>\n\n<p>Despu\u00e9s hacia las 19h volver\u00e1 a formarse la comitiva para dirigirse hacia el front\u00f3n municipal la fiesta va a completarse con un espect\u00e1culo de m\u00fasicas y danzas tradicionales que todos van a apreciar desde las gradas a la sombra de los pl\u00e1tanos.<\/p>\n\n<h2 class=\"wp-block-heading\" id=\"les-autres-temps-forts-de-lehengo-hazparne\">Otras recuerdos del Lehengo Hazparne<\/h2>\n\n<div class=\"wp-block-columns is-layout-flex wp-container-core-columns-is-layout-28f84493 wp-block-columns-is-layout-flex\">\n<div class=\"wp-block-column is-layout-flow wp-block-column-is-layout-flow\">\n<figure class=\"wp-block-image size-large\"><a href=\"https:\/\/www.lehengo-hazparne.com\/es\/cantos-danzas-musica\/\"><img decoding=\"async\" src=\"https:\/\/www.lehengo-hazparne.com\/wp-content\/uploads\/2022\/02\/16-web-e1645108498485.jpg\" alt=\"Cantos, Danzas, M&#xFA;sica\" class=\"wp-image-228\"\/><\/a><figcaption>Cantos, Danzas, M\u00fasica<\/figcaption><\/figure><\/div>\n\n\n\n<div class=\"wp-block-column is-layout-flow wp-block-column-is-layout-flow\">\n<figure class=\"wp-block-image size-large\"><a href=\"https:\/\/www.lehengo-hazparne.com\/es\/pelota-vasca\/\"><img decoding=\"async\" src=\"https:\/\/www.lehengo-hazparne.com\/wp-content\/uploads\/2022\/02\/AJ5I4818-e1645108461818.jpg\" alt=\"\" class=\"wp-image-232\"\/><\/a><figcaption>Pelota Vasca<\/figcaption><\/figure><\/div>\n\n\n\n<div class=\"wp-block-column is-layout-flow wp-block-column-is-layout-flow\">\n<figure class=\"wp-block-image size-large\"><a href=\"https:\/\/www.lehengo-hazparne.com\/es\/animaciones\/\"><img decoding=\"async\" src=\"https:\/\/www.lehengo-hazparne.com\/wp-content\/uploads\/2022\/02\/3-web-1-e1645108598202.jpg\" alt=\"\" class=\"wp-image-243\"\/><\/a><figcaption>Animaciones<\/figcaption><\/figure><\/div>\n<\/div>\n\n<p><\/p>\n\n<div class=\"wp-block-group alignfull has-black-background-color has-background is-layout-flow wp-block-group-is-layout-flow\">\n<h2 class=\"has-text-align-center has-white-color has-text-color wp-block-heading\" id=\"la-noce-basque-et-son-defile-en-quelques-photos\">La Boda Vasca y su desfile en fotos<\/h2>\n\n\n\n<figure class=\"wp-block-gallery has-nested-images columns-6 is-cropped wp-block-gallery-1 is-layout-flex wp-block-gallery-is-layout-flex\">\n<figure class=\"wp-block-image size-large\"><img loading=\"lazy\" decoding=\"async\" width=\"1024\" height=\"576\" data-id=\"527\" src=\"https:\/\/www.lehengo-hazparne.com\/wp-content\/uploads\/2022\/02\/noce-basque-7-1-1024x576.jpg\" alt=\"\" class=\"wp-image-527\" srcset=\"https:\/\/www.lehengo-hazparne.com\/wp-content\/uploads\/2022\/02\/noce-basque-7-1-1024x576.jpg 1024w, https:\/\/www.lehengo-hazparne.com\/wp-content\/uploads\/2022\/02\/noce-basque-7-1-300x169.jpg 300w, https:\/\/www.lehengo-hazparne.com\/wp-content\/uploads\/2022\/02\/noce-basque-7-1-768x432.jpg 768w, https:\/\/www.lehengo-hazparne.com\/wp-content\/uploads\/2022\/02\/noce-basque-7-1-1536x864.jpg 1536w, https:\/\/www.lehengo-hazparne.com\/wp-content\/uploads\/2022\/02\/noce-basque-7-1-2048x1152.jpg 2048w, https:\/\/www.lehengo-hazparne.com\/wp-content\/uploads\/2022\/02\/noce-basque-7-1-2000x1125.jpg 2000w\" sizes=\"auto, (max-width: 1024px) 100vw, 1024px\" \/><\/figure>\n\n\n<figure class=\"wp-block-image size-large\"><img decoding=\"async\" data-id=\"516\" src=\"https:\/\/www.lehengo-hazparne.com\/wp-content\/uploads\/2022\/02\/noce-basque-2-1024x477.jpg\" alt=\"\" class=\"wp-image-516\"\/><\/figure>\n\n\n<figure class=\"wp-block-image size-large\"><img decoding=\"async\" data-id=\"517\" src=\"https:\/\/www.lehengo-hazparne.com\/wp-content\/uploads\/2022\/02\/noce-basque-3-1024x550.jpg\" alt=\"\" class=\"wp-image-517\"\/><\/figure>\n\n\n<figure class=\"wp-block-image size-large\"><img loading=\"lazy\" decoding=\"async\" width=\"1024\" height=\"722\" data-id=\"523\" src=\"https:\/\/www.lehengo-hazparne.com\/wp-content\/uploads\/2022\/02\/noce-basque-4-1-1024x722.jpg\" alt=\"\" class=\"wp-image-523\" srcset=\"https:\/\/www.lehengo-hazparne.com\/wp-content\/uploads\/2022\/02\/noce-basque-4-1-1024x722.jpg 1024w, https:\/\/www.lehengo-hazparne.com\/wp-content\/uploads\/2022\/02\/noce-basque-4-1-300x211.jpg 300w, https:\/\/www.lehengo-hazparne.com\/wp-content\/uploads\/2022\/02\/noce-basque-4-1-768x541.jpg 768w, https:\/\/www.lehengo-hazparne.com\/wp-content\/uploads\/2022\/02\/noce-basque-4-1-1536x1082.jpg 1536w, https:\/\/www.lehengo-hazparne.com\/wp-content\/uploads\/2022\/02\/noce-basque-4-1-2048x1443.jpg 2048w, https:\/\/www.lehengo-hazparne.com\/wp-content\/uploads\/2022\/02\/noce-basque-4-1-2000x1409.jpg 2000w\" sizes=\"auto, (max-width: 1024px) 100vw, 1024px\" \/><\/figure>\n\n\n<figure class=\"wp-block-image size-full\"><img decoding=\"async\" data-id=\"514\" src=\"https:\/\/www.lehengo-hazparne.com\/wp-content\/uploads\/2022\/02\/noce-basque-5.jpg\" alt=\"\" class=\"wp-image-514\"\/><\/figure>\n\n\n<figure class=\"wp-block-image size-large\"><img decoding=\"async\" data-id=\"518\" src=\"https:\/\/www.lehengo-hazparne.com\/wp-content\/uploads\/2022\/02\/noce-basque-6-1024x576.jpg\" alt=\"\" class=\"wp-image-518\"\/><\/figure>\n\n\n<figure class=\"wp-block-image size-large\"><img loading=\"lazy\" decoding=\"async\" width=\"1024\" height=\"576\" data-id=\"527\" src=\"https:\/\/www.lehengo-hazparne.com\/wp-content\/uploads\/2022\/02\/noce-basque-7-1-1024x576.jpg\" alt=\"\" class=\"wp-image-527\" srcset=\"https:\/\/www.lehengo-hazparne.com\/wp-content\/uploads\/2022\/02\/noce-basque-7-1-1024x576.jpg 1024w, https:\/\/www.lehengo-hazparne.com\/wp-content\/uploads\/2022\/02\/noce-basque-7-1-300x169.jpg 300w, https:\/\/www.lehengo-hazparne.com\/wp-content\/uploads\/2022\/02\/noce-basque-7-1-768x432.jpg 768w, https:\/\/www.lehengo-hazparne.com\/wp-content\/uploads\/2022\/02\/noce-basque-7-1-1536x864.jpg 1536w, https:\/\/www.lehengo-hazparne.com\/wp-content\/uploads\/2022\/02\/noce-basque-7-1-2048x1152.jpg 2048w, https:\/\/www.lehengo-hazparne.com\/wp-content\/uploads\/2022\/02\/noce-basque-7-1-2000x1125.jpg 2000w\" sizes=\"auto, (max-width: 1024px) 100vw, 1024px\" \/><\/figure>\n\n\n<figure class=\"wp-block-image size-large\"><img decoding=\"async\" data-id=\"511\" src=\"https:\/\/www.lehengo-hazparne.com\/wp-content\/uploads\/2022\/02\/noce-basque-8-1024x768.jpg\" alt=\"\" class=\"wp-image-511\"\/><\/figure>\n\n\n<figure class=\"wp-block-image size-large\"><img loading=\"lazy\" decoding=\"async\" width=\"1024\" height=\"677\" data-id=\"512\" src=\"https:\/\/www.lehengo-hazparne.com\/wp-content\/uploads\/2022\/02\/noce-basque-9-1024x677.jpg\" alt=\"\" class=\"wp-image-512\" srcset=\"https:\/\/www.lehengo-hazparne.com\/wp-content\/uploads\/2022\/02\/noce-basque-9-1024x677.jpg 1024w, https:\/\/www.lehengo-hazparne.com\/wp-content\/uploads\/2022\/02\/noce-basque-9-300x198.jpg 300w, https:\/\/www.lehengo-hazparne.com\/wp-content\/uploads\/2022\/02\/noce-basque-9-768x508.jpg 768w, https:\/\/www.lehengo-hazparne.com\/wp-content\/uploads\/2022\/02\/noce-basque-9-1536x1016.jpg 1536w, https:\/\/www.lehengo-hazparne.com\/wp-content\/uploads\/2022\/02\/noce-basque-9-2048x1354.jpg 2048w, https:\/\/www.lehengo-hazparne.com\/wp-content\/uploads\/2022\/02\/noce-basque-9-2000x1322.jpg 2000w\" sizes=\"auto, (max-width: 1024px) 100vw, 1024px\" \/><\/figure>\n\n\n<figure class=\"wp-block-image size-large\"><img loading=\"lazy\" decoding=\"async\" width=\"1024\" height=\"677\" data-id=\"512\" src=\"https:\/\/www.lehengo-hazparne.com\/wp-content\/uploads\/2022\/02\/noce-basque-9-1024x677.jpg\" alt=\"\" class=\"wp-image-512\" srcset=\"https:\/\/www.lehengo-hazparne.com\/wp-content\/uploads\/2022\/02\/noce-basque-9-1024x677.jpg 1024w, https:\/\/www.lehengo-hazparne.com\/wp-content\/uploads\/2022\/02\/noce-basque-9-300x198.jpg 300w, https:\/\/www.lehengo-hazparne.com\/wp-content\/uploads\/2022\/02\/noce-basque-9-768x508.jpg 768w, https:\/\/www.lehengo-hazparne.com\/wp-content\/uploads\/2022\/02\/noce-basque-9-1536x1016.jpg 1536w, https:\/\/www.lehengo-hazparne.com\/wp-content\/uploads\/2022\/02\/noce-basque-9-2048x1354.jpg 2048w, https:\/\/www.lehengo-hazparne.com\/wp-content\/uploads\/2022\/02\/noce-basque-9-2000x1322.jpg 2000w\" sizes=\"auto, (max-width: 1024px) 100vw, 1024px\" \/><\/figure>\n\n\n<figure class=\"wp-block-image size-large\"><img loading=\"lazy\" decoding=\"async\" width=\"1024\" height=\"576\" data-id=\"515\" src=\"https:\/\/www.lehengo-hazparne.com\/wp-content\/uploads\/2022\/02\/noce-basque-11-1024x576.jpg\" alt=\"\" class=\"wp-image-515\" srcset=\"https:\/\/www.lehengo-hazparne.com\/wp-content\/uploads\/2022\/02\/noce-basque-11-1024x576.jpg 1024w, https:\/\/www.lehengo-hazparne.com\/wp-content\/uploads\/2022\/02\/noce-basque-11-300x169.jpg 300w, https:\/\/www.lehengo-hazparne.com\/wp-content\/uploads\/2022\/02\/noce-basque-11-768x432.jpg 768w, https:\/\/www.lehengo-hazparne.com\/wp-content\/uploads\/2022\/02\/noce-basque-11-1536x864.jpg 1536w, https:\/\/www.lehengo-hazparne.com\/wp-content\/uploads\/2022\/02\/noce-basque-11.jpg 1708w\" sizes=\"auto, (max-width: 1024px) 100vw, 1024px\" \/><\/figure>\n\n\n<figure class=\"wp-block-image size-large\"><img loading=\"lazy\" decoding=\"async\" width=\"1024\" height=\"665\" data-id=\"535\" src=\"https:\/\/www.lehengo-hazparne.com\/wp-content\/uploads\/2022\/02\/noce-basque-12-1-1024x665.jpg\" alt=\"\" class=\"wp-image-535\" srcset=\"https:\/\/www.lehengo-hazparne.com\/wp-content\/uploads\/2022\/02\/noce-basque-12-1-1024x665.jpg 1024w, https:\/\/www.lehengo-hazparne.com\/wp-content\/uploads\/2022\/02\/noce-basque-12-1-300x195.jpg 300w, https:\/\/www.lehengo-hazparne.com\/wp-content\/uploads\/2022\/02\/noce-basque-12-1-768x499.jpg 768w, https:\/\/www.lehengo-hazparne.com\/wp-content\/uploads\/2022\/02\/noce-basque-12-1-1536x997.jpg 1536w, https:\/\/www.lehengo-hazparne.com\/wp-content\/uploads\/2022\/02\/noce-basque-12-1-2048x1330.jpg 2048w, https:\/\/www.lehengo-hazparne.com\/wp-content\/uploads\/2022\/02\/noce-basque-12-1-2000x1299.jpg 2000w\" sizes=\"auto, (max-width: 1024px) 100vw, 1024px\" \/><\/figure><\/figure>\n<\/div>\n","protected":false},"excerpt":{"rendered":"<p>A partir de las 17h desfilar\u00e1n por las calles del centro de la ciudad los futuros casados acompa\u00f1ados por jinetes, danzantes y m\u00fasicos. Esta suntuosa comitiva en trajes 1900 deambulara primero hasta el ayuntamiento donde se celebra el matrimonio civil, despu\u00e9s hasta la iglesia para el acto religioso que empezara a las 18h seg\u00fan las &#8230;<\/p>\n<p class=\"link-more\"><a class=\"more-link\" href=\"https:\/\/www.lehengo-hazparne.com\/es\/la-boda-vasca-en-trajes-1900\/\">Leer m\u00e1s<\/a><\/p>","protected":false},"author":1,"featured_media":224,"parent":0,"menu_order":0,"comment_status":"closed","ping_status":"closed","template":"","meta":{"_acf_changed":false,"inspiro_hide_title":false,"footnotes":""},"class_list":["post-833","page","type-page","status-publish","has-post-thumbnail","hentry"],"acf":[],"yoast_head":"<!-- This site is optimized with the Yoast SEO plugin v27.5 - https:\/\/yoast.com\/product\/yoast-seo-wordpress\/ -->\n<title>La Boda Vasca en Trajes 1900 - Lehengo Hazparne<\/title>\n<meta name=\"robots\" content=\"index, follow, max-snippet:-1, max-image-preview:large, max-video-preview:-1\" \/>\n<link rel=\"canonical\" href=\"https:\/\/www.lehengo-hazparne.com\/es\/la-boda-vasca-en-trajes-1900\/\" \/>\n<meta property=\"og:locale\" content=\"es_ES\" \/>\n<meta property=\"og:type\" content=\"article\" \/>\n<meta property=\"og:title\" content=\"La Boda Vasca en Trajes 1900 - Lehengo Hazparne\" \/>\n<meta property=\"og:description\" content=\"A partir de las 17h desfilar\u00e1n por las calles del centro de la ciudad los futuros casados acompa\u00f1ados por jinetes, danzantes y m\u00fasicos. Esta suntuosa comitiva en trajes 1900 deambulara primero hasta el ayuntamiento donde se celebra el matrimonio civil, despu\u00e9s hasta la iglesia para el acto religioso que empezara a las 18h seg\u00fan las ...\" \/>\n<meta property=\"og:url\" content=\"https:\/\/www.lehengo-hazparne.com\/es\/la-boda-vasca-en-trajes-1900\/\" \/>\n<meta property=\"og:site_name\" content=\"Lehengo Hazparne\" \/>\n<meta property=\"article:publisher\" content=\"https:\/\/www.facebook.com\/LehengoHazparne\" \/>\n<meta property=\"article:modified_time\" content=\"2022-02-18T14:29:57+00:00\" \/>\n<meta property=\"og:image\" content=\"https:\/\/www.lehengo-hazparne.com\/wp-content\/uploads\/2022\/02\/AJ5I5994-e1645108528660.jpg\" \/>\n\t<meta property=\"og:image:width\" content=\"2048\" \/>\n\t<meta property=\"og:image:height\" content=\"1366\" \/>\n\t<meta property=\"og:image:type\" content=\"image\/jpeg\" \/>\n<meta name=\"twitter:card\" content=\"summary_large_image\" \/>\n<meta name=\"twitter:label1\" content=\"Tiempo de lectura\" \/>\n\t<meta name=\"twitter:data1\" content=\"1 minuto\" \/>\n<script type=\"application\/ld+json\" class=\"yoast-schema-graph\">{\"@context\":\"https:\\\/\\\/schema.org\",\"@graph\":[{\"@type\":\"WebPage\",\"@id\":\"https:\\\/\\\/www.lehengo-hazparne.com\\\/es\\\/la-boda-vasca-en-trajes-1900\\\/\",\"url\":\"https:\\\/\\\/www.lehengo-hazparne.com\\\/es\\\/la-boda-vasca-en-trajes-1900\\\/\",\"name\":\"La Boda Vasca en Trajes 1900 - Lehengo Hazparne\",\"isPartOf\":{\"@id\":\"https:\\\/\\\/www.lehengo-hazparne.com\\\/es\\\/#website\"},\"primaryImageOfPage\":{\"@id\":\"https:\\\/\\\/www.lehengo-hazparne.com\\\/es\\\/la-boda-vasca-en-trajes-1900\\\/#primaryimage\"},\"image\":{\"@id\":\"https:\\\/\\\/www.lehengo-hazparne.com\\\/es\\\/la-boda-vasca-en-trajes-1900\\\/#primaryimage\"},\"thumbnailUrl\":\"https:\\\/\\\/www.lehengo-hazparne.com\\\/wp-content\\\/uploads\\\/2022\\\/02\\\/AJ5I5994-e1645108528660.jpg\",\"datePublished\":\"2022-02-18T14:29:56+00:00\",\"dateModified\":\"2022-02-18T14:29:57+00:00\",\"breadcrumb\":{\"@id\":\"https:\\\/\\\/www.lehengo-hazparne.com\\\/es\\\/la-boda-vasca-en-trajes-1900\\\/#breadcrumb\"},\"inLanguage\":\"es\",\"potentialAction\":[{\"@type\":\"ReadAction\",\"target\":[\"https:\\\/\\\/www.lehengo-hazparne.com\\\/es\\\/la-boda-vasca-en-trajes-1900\\\/\"]}]},{\"@type\":\"ImageObject\",\"inLanguage\":\"es\",\"@id\":\"https:\\\/\\\/www.lehengo-hazparne.com\\\/es\\\/la-boda-vasca-en-trajes-1900\\\/#primaryimage\",\"url\":\"https:\\\/\\\/www.lehengo-hazparne.com\\\/wp-content\\\/uploads\\\/2022\\\/02\\\/AJ5I5994-e1645108528660.jpg\",\"contentUrl\":\"https:\\\/\\\/www.lehengo-hazparne.com\\\/wp-content\\\/uploads\\\/2022\\\/02\\\/AJ5I5994-e1645108528660.jpg\",\"width\":2048,\"height\":1366},{\"@type\":\"BreadcrumbList\",\"@id\":\"https:\\\/\\\/www.lehengo-hazparne.com\\\/es\\\/la-boda-vasca-en-trajes-1900\\\/#breadcrumb\",\"itemListElement\":[{\"@type\":\"ListItem\",\"position\":1,\"name\":\"Accueil\",\"item\":\"https:\\\/\\\/www.lehengo-hazparne.com\\\/es\\\/\"},{\"@type\":\"ListItem\",\"position\":2,\"name\":\"La Boda Vasca en Trajes 1900\"}]},{\"@type\":\"WebSite\",\"@id\":\"https:\\\/\\\/www.lehengo-hazparne.com\\\/es\\\/#website\",\"url\":\"https:\\\/\\\/www.lehengo-hazparne.com\\\/es\\\/\",\"name\":\"Lehengo Hazparne\",\"description\":\"La plus belle f\u00eate du Pays Basque\",\"publisher\":{\"@id\":\"https:\\\/\\\/www.lehengo-hazparne.com\\\/es\\\/#organization\"},\"potentialAction\":[{\"@type\":\"SearchAction\",\"target\":{\"@type\":\"EntryPoint\",\"urlTemplate\":\"https:\\\/\\\/www.lehengo-hazparne.com\\\/es\\\/?s={search_term_string}\"},\"query-input\":{\"@type\":\"PropertyValueSpecification\",\"valueRequired\":true,\"valueName\":\"search_term_string\"}}],\"inLanguage\":\"es\"},{\"@type\":\"Organization\",\"@id\":\"https:\\\/\\\/www.lehengo-hazparne.com\\\/es\\\/#organization\",\"name\":\"Lehengo Hazparne\",\"url\":\"https:\\\/\\\/www.lehengo-hazparne.com\\\/es\\\/\",\"logo\":{\"@type\":\"ImageObject\",\"inLanguage\":\"es\",\"@id\":\"https:\\\/\\\/www.lehengo-hazparne.com\\\/es\\\/#\\\/schema\\\/logo\\\/image\\\/\",\"url\":\"https:\\\/\\\/www.lehengo-hazparne.com\\\/wp-content\\\/uploads\\\/2022\\\/02\\\/lehengo-hazparne-logo_4.png\",\"contentUrl\":\"https:\\\/\\\/www.lehengo-hazparne.com\\\/wp-content\\\/uploads\\\/2022\\\/02\\\/lehengo-hazparne-logo_4.png\",\"width\":767,\"height\":412,\"caption\":\"Lehengo Hazparne\"},\"image\":{\"@id\":\"https:\\\/\\\/www.lehengo-hazparne.com\\\/es\\\/#\\\/schema\\\/logo\\\/image\\\/\"},\"sameAs\":[\"https:\\\/\\\/www.facebook.com\\\/LehengoHazparne\"]}]}<\/script>\n<!-- \/ Yoast SEO plugin. -->","yoast_head_json":{"title":"La Boda Vasca en Trajes 1900 - Lehengo Hazparne","robots":{"index":"index","follow":"follow","max-snippet":"max-snippet:-1","max-image-preview":"max-image-preview:large","max-video-preview":"max-video-preview:-1"},"canonical":"https:\/\/www.lehengo-hazparne.com\/es\/la-boda-vasca-en-trajes-1900\/","og_locale":"es_ES","og_type":"article","og_title":"La Boda Vasca en Trajes 1900 - Lehengo Hazparne","og_description":"A partir de las 17h desfilar\u00e1n por las calles del centro de la ciudad los futuros casados acompa\u00f1ados por jinetes, danzantes y m\u00fasicos. Esta suntuosa comitiva en trajes 1900 deambulara primero hasta el ayuntamiento donde se celebra el matrimonio civil, despu\u00e9s hasta la iglesia para el acto religioso que empezara a las 18h seg\u00fan las ...","og_url":"https:\/\/www.lehengo-hazparne.com\/es\/la-boda-vasca-en-trajes-1900\/","og_site_name":"Lehengo Hazparne","article_publisher":"https:\/\/www.facebook.com\/LehengoHazparne","article_modified_time":"2022-02-18T14:29:57+00:00","og_image":[{"width":2048,"height":1366,"url":"https:\/\/www.lehengo-hazparne.com\/wp-content\/uploads\/2022\/02\/AJ5I5994-e1645108528660.jpg","type":"image\/jpeg"}],"twitter_card":"summary_large_image","twitter_misc":{"Tiempo de lectura":"1 minuto"},"schema":{"@context":"https:\/\/schema.org","@graph":[{"@type":"WebPage","@id":"https:\/\/www.lehengo-hazparne.com\/es\/la-boda-vasca-en-trajes-1900\/","url":"https:\/\/www.lehengo-hazparne.com\/es\/la-boda-vasca-en-trajes-1900\/","name":"La Boda Vasca en Trajes 1900 - Lehengo Hazparne","isPartOf":{"@id":"https:\/\/www.lehengo-hazparne.com\/es\/#website"},"primaryImageOfPage":{"@id":"https:\/\/www.lehengo-hazparne.com\/es\/la-boda-vasca-en-trajes-1900\/#primaryimage"},"image":{"@id":"https:\/\/www.lehengo-hazparne.com\/es\/la-boda-vasca-en-trajes-1900\/#primaryimage"},"thumbnailUrl":"https:\/\/www.lehengo-hazparne.com\/wp-content\/uploads\/2022\/02\/AJ5I5994-e1645108528660.jpg","datePublished":"2022-02-18T14:29:56+00:00","dateModified":"2022-02-18T14:29:57+00:00","breadcrumb":{"@id":"https:\/\/www.lehengo-hazparne.com\/es\/la-boda-vasca-en-trajes-1900\/#breadcrumb"},"inLanguage":"es","potentialAction":[{"@type":"ReadAction","target":["https:\/\/www.lehengo-hazparne.com\/es\/la-boda-vasca-en-trajes-1900\/"]}]},{"@type":"ImageObject","inLanguage":"es","@id":"https:\/\/www.lehengo-hazparne.com\/es\/la-boda-vasca-en-trajes-1900\/#primaryimage","url":"https:\/\/www.lehengo-hazparne.com\/wp-content\/uploads\/2022\/02\/AJ5I5994-e1645108528660.jpg","contentUrl":"https:\/\/www.lehengo-hazparne.com\/wp-content\/uploads\/2022\/02\/AJ5I5994-e1645108528660.jpg","width":2048,"height":1366},{"@type":"BreadcrumbList","@id":"https:\/\/www.lehengo-hazparne.com\/es\/la-boda-vasca-en-trajes-1900\/#breadcrumb","itemListElement":[{"@type":"ListItem","position":1,"name":"Accueil","item":"https:\/\/www.lehengo-hazparne.com\/es\/"},{"@type":"ListItem","position":2,"name":"La Boda Vasca en Trajes 1900"}]},{"@type":"WebSite","@id":"https:\/\/www.lehengo-hazparne.com\/es\/#website","url":"https:\/\/www.lehengo-hazparne.com\/es\/","name":"Lehengo Hazparne","description":"La plus belle f\u00eate du Pays Basque","publisher":{"@id":"https:\/\/www.lehengo-hazparne.com\/es\/#organization"},"potentialAction":[{"@type":"SearchAction","target":{"@type":"EntryPoint","urlTemplate":"https:\/\/www.lehengo-hazparne.com\/es\/?s={search_term_string}"},"query-input":{"@type":"PropertyValueSpecification","valueRequired":true,"valueName":"search_term_string"}}],"inLanguage":"es"},{"@type":"Organization","@id":"https:\/\/www.lehengo-hazparne.com\/es\/#organization","name":"Lehengo Hazparne","url":"https:\/\/www.lehengo-hazparne.com\/es\/","logo":{"@type":"ImageObject","inLanguage":"es","@id":"https:\/\/www.lehengo-hazparne.com\/es\/#\/schema\/logo\/image\/","url":"https:\/\/www.lehengo-hazparne.com\/wp-content\/uploads\/2022\/02\/lehengo-hazparne-logo_4.png","contentUrl":"https:\/\/www.lehengo-hazparne.com\/wp-content\/uploads\/2022\/02\/lehengo-hazparne-logo_4.png","width":767,"height":412,"caption":"Lehengo Hazparne"},"image":{"@id":"https:\/\/www.lehengo-hazparne.com\/es\/#\/schema\/logo\/image\/"},"sameAs":["https:\/\/www.facebook.com\/LehengoHazparne"]}]}},"_links":{"self":[{"href":"https:\/\/www.lehengo-hazparne.com\/es\/wp-json\/wp\/v2\/pages\/833","targetHints":{"allow":["GET"]}}],"collection":[{"href":"https:\/\/www.lehengo-hazparne.com\/es\/wp-json\/wp\/v2\/pages"}],"about":[{"href":"https:\/\/www.lehengo-hazparne.com\/es\/wp-json\/wp\/v2\/types\/page"}],"author":[{"embeddable":true,"href":"https:\/\/www.lehengo-hazparne.com\/es\/wp-json\/wp\/v2\/users\/1"}],"replies":[{"embeddable":true,"href":"https:\/\/www.lehengo-hazparne.com\/es\/wp-json\/wp\/v2\/comments?post=833"}],"version-history":[{"count":1,"href":"https:\/\/www.lehengo-hazparne.com\/es\/wp-json\/wp\/v2\/pages\/833\/revisions"}],"predecessor-version":[{"id":834,"href":"https:\/\/www.lehengo-hazparne.com\/es\/wp-json\/wp\/v2\/pages\/833\/revisions\/834"}],"wp:featuredmedia":[{"embeddable":true,"href":"https:\/\/www.lehengo-hazparne.com\/es\/wp-json\/wp\/v2\/media\/224"}],"wp:attachment":[{"href":"https:\/\/www.lehengo-hazparne.com\/es\/wp-json\/wp\/v2\/media?parent=833"}],"curies":[{"name":"wp","href":"https:\/\/api.w.org\/{rel}","templated":true}]}}