{"id":2220,"date":"2022-02-09T19:08:52","date_gmt":"2022-02-09T18:08:52","guid":{"rendered":"https:\/\/www.lehengo-hazparne.com\/politique-de-confidentialite\/"},"modified":"2022-03-11T10:41:29","modified_gmt":"2022-03-11T09:41:29","slug":"politique-de-confidentialite","status":"publish","type":"page","link":"https:\/\/www.lehengo-hazparne.com\/en\/politique-de-confidentialite\/","title":{"rendered":"Politique de confidentialit\u00e9"},"content":{"rendered":"\n<h2 class=\"wp-block-heading\">Commentaires<\/h2>\n\n\n\n<p><strong class=\"privacy-policy-tutorial\">Texte sugg\u00e9r\u00e9&nbsp;: <\/strong>Quand vous laissez un commentaire sur notre site, les donn\u00e9es inscrites dans le formulaire de commentaire, ainsi que votre adresse IP et l\u2019agent utilisateur de votre navigateur sont collect\u00e9s pour nous aider \u00e0 la d\u00e9tection des commentaires ind\u00e9sirables.<\/p>\n\n\n\n<p>Une cha\u00eene anonymis\u00e9e cr\u00e9\u00e9e \u00e0 partir de votre adresse e-mail (\u00e9galement appel\u00e9e hash) peut \u00eatre envoy\u00e9e au service Gravatar pour v\u00e9rifier si vous utilisez ce dernier. Les clauses de confidentialit\u00e9 du service Gravatar sont disponibles ici&nbsp;: https:\/\/automattic.com\/privacy\/. Apr\u00e8s validation de votre commentaire, votre photo de profil sera visible publiquement \u00e0 cot\u00e9 de votre commentaire.<\/p>\n\n\n\n<h2 class=\"wp-block-heading\">Cookies<\/h2>\n\n\n\n<p>Si vous d\u00e9posez un commentaire sur notre site, il vous sera propos\u00e9 d\u2019enregistrer votre nom et adresse e-mail dans des cookies. C\u2019est uniquement pour votre confort afin de ne pas avoir \u00e0 saisir ces informations si vous d\u00e9posez un autre commentaire plus tard. Ces cookies expirent au bout d\u2019un an.<\/p>\n\n\n\n<p>En modifiant ou en publiant une publication, un cookie suppl\u00e9mentaire sera enregistr\u00e9 dans votre navigateur. Ce cookie ne comprend aucune donn\u00e9e personnelle. Il indique simplement l\u2019ID de la publication que vous venez de modifier. Il expire au bout d\u2019un jour.<\/p>\n\n\n\n<h2 class=\"wp-block-heading\">Dur\u00e9es de stockage de vos donn\u00e9es<\/h2>\n\n\n\n<p>Si vous laissez un commentaire, le commentaire et ses m\u00e9tadonn\u00e9es sont conserv\u00e9s ind\u00e9finiment. Cela permet de reconna\u00eetre et approuver automatiquement les commentaires suivants au lieu de les laisser dans la file de mod\u00e9ration.<\/p>\n\n\n\n<h2 class=\"wp-block-heading\">Les droits que vous avez sur vos donn\u00e9es<\/h2>\n\n\n\n<p>Si vous avez laiss\u00e9 des commentaires sur le site, vous pouvez demander \u00e0 recevoir un fichier contenant toutes les donn\u00e9es personnelles que nous poss\u00e9dons \u00e0 votre sujet, incluant celles que vous nous avez fournies. Vous pouvez \u00e9galement demander la suppression des donn\u00e9es personnelles vous concernant. Cela ne prend pas en compte les donn\u00e9es stock\u00e9es \u00e0 des fins administratives, l\u00e9gales ou pour des raisons de s\u00e9curit\u00e9.<\/p>\n\n\n\n<h2 class=\"wp-block-heading\">Transmission de vos donn\u00e9es personnelles<\/h2>\n\n\n\n<p>Les commentaires des visiteurs peuvent \u00eatre v\u00e9rifi\u00e9s \u00e0 l\u2019aide d\u2019un service automatis\u00e9 de d\u00e9tection des commentaires ind\u00e9sirables.<\/p>\n","protected":false},"excerpt":{"rendered":"<p>Commentaires Texte sugg\u00e9r\u00e9&nbsp;: Quand vous laissez un commentaire sur notre site, les donn\u00e9es inscrites dans le formulaire de commentaire, ainsi que votre adresse IP et l\u2019agent utilisateur de votre navigateur sont collect\u00e9s pour nous aider \u00e0 la d\u00e9tection des commentaires ind\u00e9sirables. Une cha\u00eene anonymis\u00e9e cr\u00e9\u00e9e \u00e0 partir de votre adresse e-mail (\u00e9galement appel\u00e9e hash) peut &#8230;<\/p>\n<p class=\"link-more\"><a class=\"more-link\" href=\"https:\/\/www.lehengo-hazparne.com\/en\/politique-de-confidentialite\/\">Read more<\/a><\/p>","protected":false},"author":1,"featured_media":2059,"parent":0,"menu_order":0,"comment_status":"closed","ping_status":"open","template":"","meta":{"_acf_changed":false,"inspiro_hide_title":false,"footnotes":""},"class_list":["post-2220","page","type-page","status-publish","has-post-thumbnail","hentry"],"acf":[],"yoast_head":"<!-- This site is optimized with the Yoast SEO plugin v27.5 - https:\/\/yoast.com\/product\/yoast-seo-wordpress\/ -->\n<title>Politique de confidentialit\u00e9 - Lehengo Hazparne<\/title>\n<meta name=\"robots\" content=\"index, follow, max-snippet:-1, max-image-preview:large, max-video-preview:-1\" \/>\n<link rel=\"canonical\" href=\"https:\/\/www.lehengo-hazparne.com\/en\/politique-de-confidentialite\/\" \/>\n<meta property=\"og:locale\" content=\"en_US\" \/>\n<meta property=\"og:type\" content=\"article\" \/>\n<meta property=\"og:title\" content=\"Politique de confidentialit\u00e9 - Lehengo Hazparne\" \/>\n<meta property=\"og:description\" content=\"Commentaires Texte sugg\u00e9r\u00e9&nbsp;: Quand vous laissez un commentaire sur notre site, les donn\u00e9es inscrites dans le formulaire de commentaire, ainsi que votre adresse IP et l\u2019agent utilisateur de votre navigateur sont collect\u00e9s pour nous aider \u00e0 la d\u00e9tection des commentaires ind\u00e9sirables. Une cha\u00eene anonymis\u00e9e cr\u00e9\u00e9e \u00e0 partir de votre adresse e-mail (\u00e9galement appel\u00e9e hash) peut ...\" \/>\n<meta property=\"og:url\" content=\"https:\/\/www.lehengo-hazparne.com\/en\/politique-de-confidentialite\/\" \/>\n<meta property=\"og:site_name\" content=\"Lehengo Hazparne\" \/>\n<meta property=\"article:publisher\" content=\"https:\/\/www.facebook.com\/LehengoHazparne\" \/>\n<meta property=\"article:modified_time\" content=\"2022-03-11T09:41:29+00:00\" \/>\n<meta property=\"og:image\" content=\"https:\/\/www.lehengo-hazparne.com\/wp-content\/uploads\/2022\/03\/cropped-130817_TP159-scaled-1.jpg\" \/>\n\t<meta property=\"og:image:width\" content=\"2000\" \/>\n\t<meta property=\"og:image:height\" content=\"1200\" \/>\n\t<meta property=\"og:image:type\" content=\"image\/jpeg\" \/>\n<meta name=\"twitter:card\" content=\"summary_large_image\" \/>\n<meta name=\"twitter:label1\" content=\"Est. reading time\" \/>\n\t<meta name=\"twitter:data1\" content=\"2 minutes\" \/>\n<script type=\"application\/ld+json\" class=\"yoast-schema-graph\">{\"@context\":\"https:\\\/\\\/schema.org\",\"@graph\":[{\"@type\":\"WebPage\",\"@id\":\"https:\\\/\\\/www.lehengo-hazparne.com\\\/en\\\/politique-de-confidentialite\\\/\",\"url\":\"https:\\\/\\\/www.lehengo-hazparne.com\\\/en\\\/politique-de-confidentialite\\\/\",\"name\":\"Politique de confidentialit\u00e9 - Lehengo Hazparne\",\"isPartOf\":{\"@id\":\"https:\\\/\\\/www.lehengo-hazparne.com\\\/en\\\/#website\"},\"primaryImageOfPage\":{\"@id\":\"https:\\\/\\\/www.lehengo-hazparne.com\\\/en\\\/politique-de-confidentialite\\\/#primaryimage\"},\"image\":{\"@id\":\"https:\\\/\\\/www.lehengo-hazparne.com\\\/en\\\/politique-de-confidentialite\\\/#primaryimage\"},\"thumbnailUrl\":\"https:\\\/\\\/www.lehengo-hazparne.com\\\/wp-content\\\/uploads\\\/2022\\\/03\\\/cropped-130817_TP159-scaled-1.jpg\",\"datePublished\":\"2022-02-09T18:08:52+00:00\",\"dateModified\":\"2022-03-11T09:41:29+00:00\",\"breadcrumb\":{\"@id\":\"https:\\\/\\\/www.lehengo-hazparne.com\\\/en\\\/politique-de-confidentialite\\\/#breadcrumb\"},\"inLanguage\":\"en-US\",\"potentialAction\":[{\"@type\":\"ReadAction\",\"target\":[\"https:\\\/\\\/www.lehengo-hazparne.com\\\/en\\\/politique-de-confidentialite\\\/\"]}]},{\"@type\":\"ImageObject\",\"inLanguage\":\"en-US\",\"@id\":\"https:\\\/\\\/www.lehengo-hazparne.com\\\/en\\\/politique-de-confidentialite\\\/#primaryimage\",\"url\":\"https:\\\/\\\/www.lehengo-hazparne.com\\\/wp-content\\\/uploads\\\/2022\\\/03\\\/cropped-130817_TP159-scaled-1.jpg\",\"contentUrl\":\"https:\\\/\\\/www.lehengo-hazparne.com\\\/wp-content\\\/uploads\\\/2022\\\/03\\\/cropped-130817_TP159-scaled-1.jpg\",\"width\":2000,\"height\":1200},{\"@type\":\"BreadcrumbList\",\"@id\":\"https:\\\/\\\/www.lehengo-hazparne.com\\\/en\\\/politique-de-confidentialite\\\/#breadcrumb\",\"itemListElement\":[{\"@type\":\"ListItem\",\"position\":1,\"name\":\"Accueil\",\"item\":\"https:\\\/\\\/www.lehengo-hazparne.com\\\/en\\\/\"},{\"@type\":\"ListItem\",\"position\":2,\"name\":\"Politique de confidentialit\u00e9\"}]},{\"@type\":\"WebSite\",\"@id\":\"https:\\\/\\\/www.lehengo-hazparne.com\\\/en\\\/#website\",\"url\":\"https:\\\/\\\/www.lehengo-hazparne.com\\\/en\\\/\",\"name\":\"Lehengo Hazparne\",\"description\":\"La plus belle f\u00eate du Pays Basque\",\"publisher\":{\"@id\":\"https:\\\/\\\/www.lehengo-hazparne.com\\\/en\\\/#organization\"},\"potentialAction\":[{\"@type\":\"SearchAction\",\"target\":{\"@type\":\"EntryPoint\",\"urlTemplate\":\"https:\\\/\\\/www.lehengo-hazparne.com\\\/en\\\/?s={search_term_string}\"},\"query-input\":{\"@type\":\"PropertyValueSpecification\",\"valueRequired\":true,\"valueName\":\"search_term_string\"}}],\"inLanguage\":\"en-US\"},{\"@type\":\"Organization\",\"@id\":\"https:\\\/\\\/www.lehengo-hazparne.com\\\/en\\\/#organization\",\"name\":\"Lehengo Hazparne\",\"url\":\"https:\\\/\\\/www.lehengo-hazparne.com\\\/en\\\/\",\"logo\":{\"@type\":\"ImageObject\",\"inLanguage\":\"en-US\",\"@id\":\"https:\\\/\\\/www.lehengo-hazparne.com\\\/en\\\/#\\\/schema\\\/logo\\\/image\\\/\",\"url\":\"https:\\\/\\\/www.lehengo-hazparne.com\\\/wp-content\\\/uploads\\\/2022\\\/02\\\/lehengo-hazparne-logo_4.png\",\"contentUrl\":\"https:\\\/\\\/www.lehengo-hazparne.com\\\/wp-content\\\/uploads\\\/2022\\\/02\\\/lehengo-hazparne-logo_4.png\",\"width\":767,\"height\":412,\"caption\":\"Lehengo Hazparne\"},\"image\":{\"@id\":\"https:\\\/\\\/www.lehengo-hazparne.com\\\/en\\\/#\\\/schema\\\/logo\\\/image\\\/\"},\"sameAs\":[\"https:\\\/\\\/www.facebook.com\\\/LehengoHazparne\"]}]}<\/script>\n<!-- \/ Yoast SEO plugin. -->","yoast_head_json":{"title":"Politique de confidentialit\u00e9 - Lehengo Hazparne","robots":{"index":"index","follow":"follow","max-snippet":"max-snippet:-1","max-image-preview":"max-image-preview:large","max-video-preview":"max-video-preview:-1"},"canonical":"https:\/\/www.lehengo-hazparne.com\/en\/politique-de-confidentialite\/","og_locale":"en_US","og_type":"article","og_title":"Politique de confidentialit\u00e9 - Lehengo Hazparne","og_description":"Commentaires Texte sugg\u00e9r\u00e9&nbsp;: Quand vous laissez un commentaire sur notre site, les donn\u00e9es inscrites dans le formulaire de commentaire, ainsi que votre adresse IP et l\u2019agent utilisateur de votre navigateur sont collect\u00e9s pour nous aider \u00e0 la d\u00e9tection des commentaires ind\u00e9sirables. Une cha\u00eene anonymis\u00e9e cr\u00e9\u00e9e \u00e0 partir de votre adresse e-mail (\u00e9galement appel\u00e9e hash) peut ...","og_url":"https:\/\/www.lehengo-hazparne.com\/en\/politique-de-confidentialite\/","og_site_name":"Lehengo Hazparne","article_publisher":"https:\/\/www.facebook.com\/LehengoHazparne","article_modified_time":"2022-03-11T09:41:29+00:00","og_image":[{"width":2000,"height":1200,"url":"https:\/\/www.lehengo-hazparne.com\/wp-content\/uploads\/2022\/03\/cropped-130817_TP159-scaled-1.jpg","type":"image\/jpeg"}],"twitter_card":"summary_large_image","twitter_misc":{"Est. reading time":"2 minutes"},"schema":{"@context":"https:\/\/schema.org","@graph":[{"@type":"WebPage","@id":"https:\/\/www.lehengo-hazparne.com\/en\/politique-de-confidentialite\/","url":"https:\/\/www.lehengo-hazparne.com\/en\/politique-de-confidentialite\/","name":"Politique de confidentialit\u00e9 - Lehengo Hazparne","isPartOf":{"@id":"https:\/\/www.lehengo-hazparne.com\/en\/#website"},"primaryImageOfPage":{"@id":"https:\/\/www.lehengo-hazparne.com\/en\/politique-de-confidentialite\/#primaryimage"},"image":{"@id":"https:\/\/www.lehengo-hazparne.com\/en\/politique-de-confidentialite\/#primaryimage"},"thumbnailUrl":"https:\/\/www.lehengo-hazparne.com\/wp-content\/uploads\/2022\/03\/cropped-130817_TP159-scaled-1.jpg","datePublished":"2022-02-09T18:08:52+00:00","dateModified":"2022-03-11T09:41:29+00:00","breadcrumb":{"@id":"https:\/\/www.lehengo-hazparne.com\/en\/politique-de-confidentialite\/#breadcrumb"},"inLanguage":"en-US","potentialAction":[{"@type":"ReadAction","target":["https:\/\/www.lehengo-hazparne.com\/en\/politique-de-confidentialite\/"]}]},{"@type":"ImageObject","inLanguage":"en-US","@id":"https:\/\/www.lehengo-hazparne.com\/en\/politique-de-confidentialite\/#primaryimage","url":"https:\/\/www.lehengo-hazparne.com\/wp-content\/uploads\/2022\/03\/cropped-130817_TP159-scaled-1.jpg","contentUrl":"https:\/\/www.lehengo-hazparne.com\/wp-content\/uploads\/2022\/03\/cropped-130817_TP159-scaled-1.jpg","width":2000,"height":1200},{"@type":"BreadcrumbList","@id":"https:\/\/www.lehengo-hazparne.com\/en\/politique-de-confidentialite\/#breadcrumb","itemListElement":[{"@type":"ListItem","position":1,"name":"Accueil","item":"https:\/\/www.lehengo-hazparne.com\/en\/"},{"@type":"ListItem","position":2,"name":"Politique de confidentialit\u00e9"}]},{"@type":"WebSite","@id":"https:\/\/www.lehengo-hazparne.com\/en\/#website","url":"https:\/\/www.lehengo-hazparne.com\/en\/","name":"Lehengo Hazparne","description":"La plus belle f\u00eate du Pays Basque","publisher":{"@id":"https:\/\/www.lehengo-hazparne.com\/en\/#organization"},"potentialAction":[{"@type":"SearchAction","target":{"@type":"EntryPoint","urlTemplate":"https:\/\/www.lehengo-hazparne.com\/en\/?s={search_term_string}"},"query-input":{"@type":"PropertyValueSpecification","valueRequired":true,"valueName":"search_term_string"}}],"inLanguage":"en-US"},{"@type":"Organization","@id":"https:\/\/www.lehengo-hazparne.com\/en\/#organization","name":"Lehengo Hazparne","url":"https:\/\/www.lehengo-hazparne.com\/en\/","logo":{"@type":"ImageObject","inLanguage":"en-US","@id":"https:\/\/www.lehengo-hazparne.com\/en\/#\/schema\/logo\/image\/","url":"https:\/\/www.lehengo-hazparne.com\/wp-content\/uploads\/2022\/02\/lehengo-hazparne-logo_4.png","contentUrl":"https:\/\/www.lehengo-hazparne.com\/wp-content\/uploads\/2022\/02\/lehengo-hazparne-logo_4.png","width":767,"height":412,"caption":"Lehengo Hazparne"},"image":{"@id":"https:\/\/www.lehengo-hazparne.com\/en\/#\/schema\/logo\/image\/"},"sameAs":["https:\/\/www.facebook.com\/LehengoHazparne"]}]}},"_links":{"self":[{"href":"https:\/\/www.lehengo-hazparne.com\/en\/wp-json\/wp\/v2\/pages\/2220","targetHints":{"allow":["GET"]}}],"collection":[{"href":"https:\/\/www.lehengo-hazparne.com\/en\/wp-json\/wp\/v2\/pages"}],"about":[{"href":"https:\/\/www.lehengo-hazparne.com\/en\/wp-json\/wp\/v2\/types\/page"}],"author":[{"embeddable":true,"href":"https:\/\/www.lehengo-hazparne.com\/en\/wp-json\/wp\/v2\/users\/1"}],"replies":[{"embeddable":true,"href":"https:\/\/www.lehengo-hazparne.com\/en\/wp-json\/wp\/v2\/comments?post=2220"}],"version-history":[{"count":1,"href":"https:\/\/www.lehengo-hazparne.com\/en\/wp-json\/wp\/v2\/pages\/2220\/revisions"}],"predecessor-version":[{"id":2223,"href":"https:\/\/www.lehengo-hazparne.com\/en\/wp-json\/wp\/v2\/pages\/2220\/revisions\/2223"}],"wp:featuredmedia":[{"embeddable":true,"href":"https:\/\/www.lehengo-hazparne.com\/en\/wp-json\/wp\/v2\/media\/2059"}],"wp:attachment":[{"href":"https:\/\/www.lehengo-hazparne.com\/en\/wp-json\/wp\/v2\/media?parent=2220"}],"curies":[{"name":"wp","href":"https:\/\/api.w.org\/{rel}","templated":true}]}}